{"id":132382,"date":"2023-12-07T11:51:02","date_gmt":"2023-12-07T10:51:02","guid":{"rendered":"https:\/\/competent.hr\/urbana-obnova\/"},"modified":"2024-11-26T14:22:25","modified_gmt":"2024-11-26T13:22:25","slug":"urbana-obnova","status":"publish","type":"page","link":"https:\/\/competent.hr\/hr\/urbana-obnova\/","title":{"rendered":"URBANA OBNOVA"},"content":{"rendered":"<div class=\"wpb-content-wrapper\"><p>[vc_row row_height_percent=&#8221;0&#8243; override_padding=&#8221;yes&#8221; h_padding=&#8221;2&#8243; top_padding=&#8221;4&#8243; bottom_padding=&#8221;7&#8243; back_color=&#8221;color-xsdn&#8221; overlay_alpha=&#8221;50&#8243; gutter_size=&#8221;3&#8243; column_width_percent=&#8221;100&#8243; shift_y=&#8221;0&#8243; z_index=&#8221;0&#8243; uncode_shortcode_id=&#8221;908699&#8243; back_color_type=&#8221;uncode-palette&#8221;][vc_column column_width_percent=&#8221;100&#8243; align_horizontal=&#8221;align_center&#8221; gutter_size=&#8221;3&#8243; overlay_alpha=&#8221;50&#8243; shift_x=&#8221;0&#8243; shift_y=&#8221;0&#8243; shift_y_down=&#8221;0&#8243; z_index=&#8221;0&#8243; medium_width=&#8221;0&#8243; mobile_width=&#8221;0&#8243; width=&#8221;1\/1&#8243; uncode_shortcode_id=&#8221;952123&#8243;][vc_custom_heading heading_semantic=&#8221;h6&#8243; text_size=&#8221;fontsize-160000&#8243; text_transform=&#8221;uppercase&#8221; text_space=&#8221;fontspace-210350&#8243; uncode_shortcode_id=&#8221;183308&#8243;]SEKTORI I PROJEKTI[\/vc_custom_heading][vc_custom_heading text_color=&#8221;accent&#8221; heading_semantic=&#8221;h1&#8243; text_size=&#8221;fontsize-338686&#8243; text_weight=&#8221;300&#8243; uncode_shortcode_id=&#8221;185363&#8243; text_color_type=&#8221;uncode-palette&#8221;]Urbana obnova[\/vc_custom_heading][vc_column_text uncode_shortcode_id=&#8221;739343&#8243;]<\/p>\n<p style=\"text-align: center;\"><strong>Stvaramo inovativna rje\u0161enja za reaktivaciju nedovoljno iskori\u0161tenih gradskih podru\u010dja. <\/strong><\/p>\n<p>[\/vc_column_text][vc_row_inner row_inner_height_percent=&#8221;0&#8243; overlay_alpha=&#8221;50&#8243; gutter_size=&#8221;4&#8243; shift_y=&#8221;0&#8243; z_index=&#8221;0&#8243; limit_content=&#8221;&#8221; uncode_shortcode_id=&#8221;308818&#8243; css=&#8221;.vc_custom_1701951404725{margin-top: 10% !important;}&#8221;][vc_column_inner column_width_percent=&#8221;100&#8243; gutter_size=&#8221;2&#8243; font_family=&#8221;font-377884&#8243; overlay_alpha=&#8221;50&#8243; shift_x=&#8221;0&#8243; shift_y=&#8221;0&#8243; shift_y_down=&#8221;0&#8243; z_index=&#8221;0&#8243; medium_width=&#8221;0&#8243; mobile_width=&#8221;0&#8243; width=&#8221;8\/12&#8243; uncode_shortcode_id=&#8221;133280&#8243;][vc_column_text uncode_shortcode_id=&#8221;578691&#8243;]U proces planiranja uklju\u010dujemo lokalne dionike te u okviru prostorne, dru\u0161tvene i ekonomske odr\u017eivosti kreiramo rje\u0161enja u skladu s va\u0161im potrebama, ali i u korist lokalne zajednice.[\/vc_column_text][vc_column_text uncode_shortcode_id=&#8221;143026&#8243;]<\/p>\n<h4><strong>Studija lokacije:<\/strong><\/h4>\n<p>[\/vc_column_text][uncode_list larger=&#8221;small&#8221; icon=&#8221;fa fa-circle-thin&#8221; icon_color=&#8221;color-482803&#8243; uncode_shortcode_id=&#8221;194331&#8243; icon_color_type=&#8221;uncode-palette&#8221;]<\/p>\n<ul>\n<li>Analiza konteksta<\/li>\n<li>Snimak postoje\u0107eg stanja i infrastrukture<\/li>\n<li>Ocjena stanja gra\u0111evina i infrastrukture<\/li>\n<li>Analiza trenutne namjene<\/li>\n<li>Analiza i iskaz prostornih parametara va\u017enih za definiranje budu\u0107e namjene i na\u010dina kori\u0161tenja prostora<\/li>\n<li>Analiza uskla\u0111enosti s trenutnim standardima i va\u017ee\u0107om regulativom s podru\u010dja gradnje<\/li>\n<li>Ocjena fizi\u010dke i ekonomske adaptabilnosti<\/li>\n<li>Ocjena potencijala za privremeno kori\u0161tenje i fazno oizvo\u0111enje<\/li>\n<li>Preporuka budu\u0107e namjene s obzirom na prostorne mogu\u0107nosti<\/li>\n<li>Procjena broja potencijalnih korisnika<\/li>\n<li>Smjernice za uskla\u0111ivanje s trenutnim standardima i va\u017ee\u0107om regulativom s podru\u010dja gradnje<\/li>\n<\/ul>\n<p>[\/uncode_list][vc_empty_space empty_h=&#8221;2&#8243;][vc_column_text uncode_shortcode_id=&#8221;174634&#8243;]<\/p>\n<h4><strong>Strate\u0161ki okvir:<\/strong><\/h4>\n<p>[\/vc_column_text][uncode_list larger=&#8221;small&#8221; icon=&#8221;fa fa-circle-thin&#8221; icon_color=&#8221;color-482803&#8243; uncode_shortcode_id=&#8221;168936&#8243; icon_color_type=&#8221;uncode-palette&#8221;]<\/p>\n<ul>\n<li>Vizija<\/li>\n<li>Ciljevi<\/li>\n<li>O\u010dekivani reultati \u2013 budu\u0107nost koju \u017eelimo<\/li>\n<li>Plan aktivnosti<\/li>\n<li>Model upravljanja<\/li>\n<li>Shema financiranja<\/li>\n<li>Monitoring i evaluacija<\/li>\n<li>Plan komunikacije<\/li>\n<\/ul>\n<p>[\/uncode_list][vc_empty_space empty_h=&#8221;2&#8243;][vc_column_text uncode_shortcode_id=&#8221;130497&#8243;]<\/p>\n<h4><strong>Koncept rje\u0161enja &amp; smjernice:<\/strong><\/h4>\n<p>[\/vc_column_text][uncode_list larger=&#8221;small&#8221; icon=&#8221;fa fa-circle-thin&#8221; icon_color=&#8221;color-482803&#8243; uncode_shortcode_id=&#8221;476086&#8243; icon_color_type=&#8221;uncode-palette&#8221;]<\/p>\n<ul>\n<li>Oblikovanje prostora (zgrade, promet, javni prostori, zelenilo)<\/li>\n<li>Programiranje namjene i sadr\u017eaja<\/li>\n<li>Na\u010din kori\u0161tenja (privremeno kori\u0161tenje, faznost)<\/li>\n<\/ul>\n<p>[\/uncode_list][vc_empty_space empty_h=&#8221;2&#8243;][vc_column_text uncode_shortcode_id=&#8221;100516&#8243;]Za vi\u0161e informacija glede na\u0161ih referenci u ovom sektoru, budite slobodni kontaktirati nas.[\/vc_column_text][\/vc_column_inner][vc_column_inner column_width_percent=&#8221;100&#8243; gutter_size=&#8221;3&#8243; expand_height=&#8221;yes&#8221; style=&#8221;light&#8221; overlay_alpha=&#8221;50&#8243; shift_x=&#8221;0&#8243; shift_y=&#8221;0&#8243; shift_y_down=&#8221;0&#8243; z_index=&#8221;0&#8243; medium_visibility=&#8221;yes&#8221; medium_width=&#8221;0&#8243; mobile_visibility=&#8221;yes&#8221; mobile_width=&#8221;0&#8243; width=&#8221;4\/12&#8243; uncode_shortcode_id=&#8221;486199&#8243;][\/vc_column_inner][\/vc_row_inner][\/vc_column][\/vc_row][vc_row row_height_percent=&#8221;0&#8243; override_padding=&#8221;yes&#8221; h_padding=&#8221;2&#8243; top_padding=&#8221;5&#8243; bottom_padding=&#8221;5&#8243; overlay_alpha=&#8221;50&#8243; gutter_size=&#8221;3&#8243; column_width_percent=&#8221;100&#8243; shift_y=&#8221;0&#8243; z_index=&#8221;0&#8243; uncode_shortcode_id=&#8221;342211&#8243; back_color_type=&#8221;uncode-solid&#8221; back_color_solid=&#8221;#f7f7f7&#8243;][vc_column column_width_percent=&#8221;100&#8243; gutter_size=&#8221;4&#8243; overlay_alpha=&#8221;50&#8243; shift_x=&#8221;0&#8243; shift_y=&#8221;0&#8243; shift_y_down=&#8221;0&#8243; z_index=&#8221;0&#8243; medium_width=&#8221;0&#8243; mobile_width=&#8221;0&#8243; width=&#8221;1\/1&#8243;][vc_row_inner row_inner_height_percent=&#8221;0&#8243; overlay_alpha=&#8221;50&#8243; gutter_size=&#8221;4&#8243; shift_y=&#8221;0&#8243; z_index=&#8221;0&#8243; limit_content=&#8221;&#8221;][vc_column_inner column_width_percent=&#8221;100&#8243; align_horizontal=&#8221;align_center&#8221; gutter_size=&#8221;3&#8243; style=&#8221;light&#8221; overlay_alpha=&#8221;50&#8243; shift_x=&#8221;0&#8243; shift_y=&#8221;0&#8243; shift_y_down=&#8221;0&#8243; z_index=&#8221;0&#8243; medium_width=&#8221;0&#8243; mobile_width=&#8221;0&#8243; width=&#8221;1\/1&#8243; uncode_shortcode_id=&#8221;116979&#8243;][vc_custom_heading text_weight=&#8221;600&#8243; uncode_shortcode_id=&#8221;132359&#8243;]STUDIJA SLU\u010cAJA[\/vc_custom_heading][\/vc_column_inner][\/vc_row_inner][vc_row_inner limit_content=&#8221;&#8221;][vc_column_inner column_width_percent=&#8221;100&#8243; position_vertical=&#8221;middle&#8221; align_horizontal=&#8221;align_center&#8221; gutter_size=&#8221;3&#8243; overlay_alpha=&#8221;50&#8243; shift_x=&#8221;0&#8243; shift_y=&#8221;0&#8243; shift_y_down=&#8221;0&#8243; z_index=&#8221;0&#8243; medium_width=&#8221;0&#8243; mobile_width=&#8221;0&#8243; width=&#8221;1\/1&#8243; uncode_shortcode_id=&#8221;996873&#8243;][uncode_index el_id=&#8221;index-142671&#8243; isotope_mode=&#8221;fitRows&#8221; loop=&#8221;size:All|order_by:date|post_type:portfolio|tax_query:72|taxonomy_count:10&#8243; screen_lg=&#8221;1000&#8243; screen_md=&#8221;600&#8243; screen_sm=&#8221;480&#8243; gutter_size=&#8221;3&#8243; portfolio_items=&#8221;media|featured|onpost|original,title,text|excerpt&#8221; single_text=&#8221;overlay&#8221; single_width=&#8221;6&#8243; single_style=&#8221;dark&#8221; single_overlay_color=&#8221;color-xsdn&#8221; single_overlay_opacity=&#8221;89&#8243; single_text_anim_type=&#8221;btt&#8221; single_padding=&#8221;2&#8243; uncode_shortcode_id=&#8221;155062&#8243;][\/vc_column_inner][\/vc_row_inner][\/vc_column][\/vc_row]<\/p>\n<\/div>","protected":false},"excerpt":{"rendered":"<p>[vc_row row_height_percent=&#8221;0&#8243; override_padding=&#8221;yes&#8221; h_padding=&#8221;2&#8243; top_padding=&#8221;4&#8243; bottom_padding=&#8221;7&#8243; back_color=&#8221;color-xsdn&#8221; overlay_alpha=&#8221;50&#8243; gutter_size=&#8221;3&#8243; column_width_percent=&#8221;100&#8243; shift_y=&#8221;0&#8243; z_index=&#8221;0&#8243; uncode_shortcode_id=&#8221;908699&#8243; back_color_type=&#8221;uncode-palette&#8221;][vc_column column_width_percent=&#8221;100&#8243; align_horizontal=&#8221;align_center&#8221; gutter_size=&#8221;3&#8243; overlay_alpha=&#8221;50&#8243; shift_x=&#8221;0&#8243; shift_y=&#8221;0&#8243; [&hellip;]<\/p>\n","protected":false},"author":1,"featured_media":0,"parent":0,"menu_order":0,"comment_status":"closed","ping_status":"closed","template":"","meta":{"footnotes":""},"class_list":["post-132382","page","type-page","status-publish","hentry"],"_links":{"self":[{"href":"https:\/\/competent.hr\/hr\/wp-json\/wp\/v2\/pages\/132382","targetHints":{"allow":["GET"]}}],"collection":[{"href":"https:\/\/competent.hr\/hr\/wp-json\/wp\/v2\/pages"}],"about":[{"href":"https:\/\/competent.hr\/hr\/wp-json\/wp\/v2\/types\/page"}],"author":[{"embeddable":true,"href":"https:\/\/competent.hr\/hr\/wp-json\/wp\/v2\/users\/1"}],"replies":[{"embeddable":true,"href":"https:\/\/competent.hr\/hr\/wp-json\/wp\/v2\/comments?post=132382"}],"version-history":[{"count":6,"href":"https:\/\/competent.hr\/hr\/wp-json\/wp\/v2\/pages\/132382\/revisions"}],"predecessor-version":[{"id":132577,"href":"https:\/\/competent.hr\/hr\/wp-json\/wp\/v2\/pages\/132382\/revisions\/132577"}],"wp:attachment":[{"href":"https:\/\/competent.hr\/hr\/wp-json\/wp\/v2\/media?parent=132382"}],"curies":[{"name":"wp","href":"https:\/\/api.w.org\/{rel}","templated":true}]}}