{"id":132331,"date":"2023-11-29T09:02:38","date_gmt":"2023-11-29T08:02:38","guid":{"rendered":"https:\/\/competent.hr\/fitout\/"},"modified":"2024-12-03T09:20:23","modified_gmt":"2024-12-03T08:20:23","slug":"fitout","status":"publish","type":"page","link":"https:\/\/competent.hr\/hr\/fitout\/","title":{"rendered":"FIT-OUT"},"content":{"rendered":"<div class=\"wpb-content-wrapper\"><p>[vc_row row_height_percent=&#8221;0&#8243; override_padding=&#8221;yes&#8221; h_padding=&#8221;2&#8243; top_padding=&#8221;4&#8243; bottom_padding=&#8221;7&#8243; back_color=&#8221;color-xsdn&#8221; overlay_alpha=&#8221;50&#8243; gutter_size=&#8221;3&#8243; column_width_percent=&#8221;100&#8243; shift_y=&#8221;0&#8243; z_index=&#8221;0&#8243; uncode_shortcode_id=&#8221;755571&#8243; back_color_type=&#8221;uncode-palette&#8221;][vc_column column_width_percent=&#8221;100&#8243; align_horizontal=&#8221;align_center&#8221; gutter_size=&#8221;3&#8243; overlay_alpha=&#8221;50&#8243; shift_x=&#8221;0&#8243; shift_y=&#8221;0&#8243; shift_y_down=&#8221;0&#8243; z_index=&#8221;0&#8243; medium_width=&#8221;0&#8243; mobile_width=&#8221;0&#8243; width=&#8221;1\/1&#8243; uncode_shortcode_id=&#8221;120970&#8243;][vc_custom_heading heading_semantic=&#8221;h6&#8243; text_size=&#8221;fontsize-160000&#8243; text_transform=&#8221;uppercase&#8221; text_space=&#8221;fontspace-210350&#8243; uncode_shortcode_id=&#8221;183308&#8243;]Sektori i projekti[\/vc_custom_heading][vc_custom_heading text_color=&#8221;accent&#8221; heading_semantic=&#8221;h1&#8243; text_size=&#8221;fontsize-338686&#8243; text_weight=&#8221;300&#8243; uncode_shortcode_id=&#8221;784264&#8243; text_color_type=&#8221;uncode-palette&#8221;]Fit-out[\/vc_custom_heading][vc_row_inner row_inner_height_percent=&#8221;0&#8243; overlay_alpha=&#8221;50&#8243; gutter_size=&#8221;4&#8243; shift_y=&#8221;0&#8243; z_index=&#8221;0&#8243; limit_content=&#8221;&#8221; uncode_shortcode_id=&#8221;122472&#8243; css=&#8221;.vc_custom_1701951346942{margin-top: 10% !important;}&#8221;][vc_column_inner column_width_percent=&#8221;100&#8243; gutter_size=&#8221;2&#8243; font_family=&#8221;font-377884&#8243; overlay_alpha=&#8221;50&#8243; shift_x=&#8221;0&#8243; shift_y=&#8221;0&#8243; shift_y_down=&#8221;0&#8243; z_index=&#8221;0&#8243; medium_width=&#8221;0&#8243; mobile_width=&#8221;0&#8243; width=&#8221;8\/12&#8243; uncode_shortcode_id=&#8221;133280&#8243;][vc_column_text uncode_shortcode_id=&#8221;108103&#8243;]Kao pouzdan partner u razvoju projekata unutarnjeg ure\u0111enja prostora, osiguravamo da su primjenjena rje\u0161enja u skladu s Va\u0161im standardima i zahtjevima kao i sa zakonskom regulativom te pravilima struke.<\/p>\n<p>Na\u0161a konkurentska prednost je na\u0161e bogato profesionalno iskustvo u podru\u010dju projektiranja, in\u017eenjeringa i vo\u0111enja projekata, koje daje in\u017eenjerski pristup u razvoju fit-out projekata. To usmjerenje osigurava neovisnu i profesionalnu podr\u0161ku klijentu, kroz sve faze projekta.<\/p>\n<p>Ovisno o Va\u0161im potrebama, razvijamo jedinstvenu kombinaciju usluga kako bismo stvorili pristup sa optimalnom podr\u0161kom projektu:<\/p>\n<h4><strong>Fit-Out Consult<\/strong><\/h4>\n<p>Savjetodavne usluge koje Vam poma\u017eu u dono\u0161enju najboljih poslovnih odluka:[\/vc_column_text][uncode_list icon=&#8221;fa fa-circle-thin&#8221; icon_color=&#8221;color-482803&#8243; uncode_shortcode_id=&#8221;171032&#8243; icon_color_type=&#8221;uncode-palette&#8221;]<\/p>\n<ul>\n<li>Dubinsko snimanje lokacije \/ prostora \/ nekretnine<\/li>\n<li>Provjera uskla\u0111enosti lokacije \/ prostora \/ nekretnine s Va\u0161im zahtjevima i standardima<\/li>\n<li>Planiranje procesa isho\u0111enja potrebnih dozvola<\/li>\n<li>Procjena tro\u0161kova i bud\u017eetiranje<\/li>\n<li>Planiranje prostora<\/li>\n<\/ul>\n<p>[\/uncode_list][vc_empty_space empty_h=&#8221;2&#8243;][vc_column_text uncode_shortcode_id=&#8221;850004&#8243;]<\/p>\n<h4><strong>Fit Out Design<\/strong><\/h4>\n<p>Usluge projektiranja i in\u017eenjeringa koje osiguravaju preciznu implementaciju Va\u0161ih zahtjeva i standarda na specifi\u010dnom projektu:[\/vc_column_text][uncode_list icon=&#8221;fa fa-circle-thin&#8221; icon_color=&#8221;color-482803&#8243; uncode_shortcode_id=&#8221;753587&#8243; icon_color_type=&#8221;uncode-palette&#8221;]<\/p>\n<ul>\n<li>Arhitektonsko projektiranje<\/li>\n<li>Projektiranje instalacija<\/li>\n<li>Projektiranje rasvjete<\/li>\n<li>Projektiranje mjera za\u0161tite od po\u017eara<\/li>\n<li>Projektiranje mjera za\u0161tite na radu i sigurnosti u kori\u0161tenju<\/li>\n<li>Odr\u017eivost<\/li>\n<li>Projektiranje sustava automatizacije i upravljanja u prostoru<\/li>\n<li>Projektiranje sigurnosnih sustava<\/li>\n<li>Projektiranje opreme prostora<\/li>\n<\/ul>\n<p>[\/uncode_list][vc_empty_space empty_h=&#8221;2&#8243;][vc_column_text uncode_shortcode_id=&#8221;112941&#8243;]<\/p>\n<h4><strong>Fit Out Project Management<\/strong><\/h4>\n<p>Profesionalne usluge na gradili\u0161tu, koje osiguravaju izvedbu projekta u skladu sa zahtjevima glede termina, tro\u0161kova i projektnog zadatka:[\/vc_column_text][uncode_list icon=&#8221;fa fa-circle-thin&#8221; icon_color=&#8221;color-482803&#8243; uncode_shortcode_id=&#8221;102516&#8243; icon_color_type=&#8221;uncode-palette&#8221;]<\/p>\n<ul>\n<li>Vrmensko planiranje projekta<\/li>\n<li>Stru\u010dni nadzor izvebe radova ure\u0111enja i opremanja<\/li>\n<li>Vo\u0111enje i monitoring projekta<\/li>\n<li>Upravljanje odnosima sa sudionicima i ostalim dionicima projekta (vlasnik, nadle\u017ena tijela\u2026)<\/li>\n<li>Upravljanje provedbom tendera, nabave i logisti\u010dkih aktivnosti za sve komponente prostora<\/li>\n<li>Vo\u0111enje radova ure\u0111enja prostora<\/li>\n<li>Isho\u0111enje potrebnih dozvola<\/li>\n<li>Primopredaja prostora<\/li>\n<li>Zatvaranje projekta te izdavanje zavr\u0161ne dokumentacije prostora<\/li>\n<\/ul>\n<p>[\/uncode_list][vc_empty_space empty_h=&#8221;2&#8243;][vc_column_text uncode_shortcode_id=&#8221;202606&#8243;]<\/p>\n<h4><strong>Fit Out Construct<\/strong><\/h4>\n<p>Kvalitetne i precizne usluge ure\u0111enja i opremanja:[\/vc_column_text][uncode_list icon=&#8221;fa fa-circle-thin&#8221; icon_color=&#8221;color-482803&#8243; uncode_shortcode_id=&#8221;152154&#8243; icon_color_type=&#8221;uncode-palette&#8221;]<\/p>\n<ul>\n<li>Gra\u0111evinsko-obrtni\u010dki radovi<\/li>\n<li>Instalacije<\/li>\n<li>Sustavi za\u0161tite od po\u017eara<\/li>\n<li>Sustavi automatizacije i upravljanja prostorom<\/li>\n<li>Sigurnosni sustavi<\/li>\n<li>Opremanje prostora<\/li>\n<li>Reklamni sistemi<\/li>\n<\/ul>\n<p>[\/uncode_list][\/vc_column_inner][vc_column_inner column_width_percent=&#8221;100&#8243; gutter_size=&#8221;3&#8243; expand_height=&#8221;yes&#8221; style=&#8221;light&#8221; overlay_alpha=&#8221;50&#8243; shift_x=&#8221;0&#8243; shift_y=&#8221;0&#8243; shift_y_down=&#8221;0&#8243; z_index=&#8221;0&#8243; medium_visibility=&#8221;yes&#8221; medium_width=&#8221;0&#8243; mobile_visibility=&#8221;yes&#8221; mobile_width=&#8221;0&#8243; width=&#8221;4\/12&#8243; uncode_shortcode_id=&#8221;671994&#8243;][\/vc_column_inner][\/vc_row_inner][\/vc_column][\/vc_row][vc_row row_height_percent=&#8221;0&#8243; override_padding=&#8221;yes&#8221; h_padding=&#8221;2&#8243; top_padding=&#8221;5&#8243; bottom_padding=&#8221;5&#8243; overlay_alpha=&#8221;50&#8243; gutter_size=&#8221;3&#8243; column_width_percent=&#8221;100&#8243; shift_y=&#8221;0&#8243; z_index=&#8221;0&#8243; uncode_shortcode_id=&#8221;342211&#8243; back_color_type=&#8221;uncode-solid&#8221; back_color_solid=&#8221;#f7f7f7&#8243;][vc_column column_width_percent=&#8221;100&#8243; gutter_size=&#8221;4&#8243; overlay_alpha=&#8221;50&#8243; shift_x=&#8221;0&#8243; shift_y=&#8221;0&#8243; shift_y_down=&#8221;0&#8243; z_index=&#8221;0&#8243; medium_width=&#8221;0&#8243; mobile_width=&#8221;0&#8243; width=&#8221;1\/1&#8243;][vc_row_inner row_inner_height_percent=&#8221;0&#8243; overlay_alpha=&#8221;50&#8243; gutter_size=&#8221;4&#8243; shift_y=&#8221;0&#8243; z_index=&#8221;0&#8243; limit_content=&#8221;&#8221;][vc_column_inner column_width_percent=&#8221;100&#8243; align_horizontal=&#8221;align_center&#8221; gutter_size=&#8221;3&#8243; style=&#8221;light&#8221; overlay_alpha=&#8221;50&#8243; shift_x=&#8221;0&#8243; shift_y=&#8221;0&#8243; shift_y_down=&#8221;0&#8243; z_index=&#8221;0&#8243; medium_width=&#8221;0&#8243; mobile_width=&#8221;0&#8243; width=&#8221;1\/1&#8243; uncode_shortcode_id=&#8221;116979&#8243;][vc_custom_heading text_weight=&#8221;600&#8243; uncode_shortcode_id=&#8221;301918&#8243;]Reference[\/vc_custom_heading][\/vc_column_inner][\/vc_row_inner][vc_row_inner limit_content=&#8221;&#8221;][vc_column_inner width=&#8221;1\/1&#8243;][uncode_index el_id=&#8221;index-142671&#8243; isotope_mode=&#8221;fitRows&#8221; loop=&#8221;size:All|order_by:date|post_type:portfolio|tax_query:70|taxonomy_count:10&#8243; screen_lg=&#8221;1000&#8243; screen_md=&#8221;600&#8243; screen_sm=&#8221;480&#8243; gutter_size=&#8221;3&#8243; portfolio_items=&#8221;media|featured|onpost|original,title,text|excerpt&#8221; single_text=&#8221;overlay&#8221; single_style=&#8221;dark&#8221; single_overlay_color=&#8221;color-xsdn&#8221; single_overlay_opacity=&#8221;89&#8243; single_text_anim_type=&#8221;btt&#8221; single_padding=&#8221;2&#8243; uncode_shortcode_id=&#8221;123465&#8243;][\/vc_column_inner][\/vc_row_inner][\/vc_column][\/vc_row]<\/p>\n<\/div>","protected":false},"excerpt":{"rendered":"<p>[vc_row row_height_percent=&#8221;0&#8243; override_padding=&#8221;yes&#8221; h_padding=&#8221;2&#8243; top_padding=&#8221;4&#8243; bottom_padding=&#8221;7&#8243; back_color=&#8221;color-xsdn&#8221; overlay_alpha=&#8221;50&#8243; gutter_size=&#8221;3&#8243; column_width_percent=&#8221;100&#8243; shift_y=&#8221;0&#8243; z_index=&#8221;0&#8243; uncode_shortcode_id=&#8221;755571&#8243; back_color_type=&#8221;uncode-palette&#8221;][vc_column column_width_percent=&#8221;100&#8243; align_horizontal=&#8221;align_center&#8221; gutter_size=&#8221;3&#8243; overlay_alpha=&#8221;50&#8243; shift_x=&#8221;0&#8243; shift_y=&#8221;0&#8243; [&hellip;]<\/p>\n","protected":false},"author":1,"featured_media":0,"parent":0,"menu_order":0,"comment_status":"closed","ping_status":"closed","template":"","meta":{"footnotes":""},"class_list":["post-132331","page","type-page","status-publish","hentry"],"_links":{"self":[{"href":"https:\/\/competent.hr\/hr\/wp-json\/wp\/v2\/pages\/132331","targetHints":{"allow":["GET"]}}],"collection":[{"href":"https:\/\/competent.hr\/hr\/wp-json\/wp\/v2\/pages"}],"about":[{"href":"https:\/\/competent.hr\/hr\/wp-json\/wp\/v2\/types\/page"}],"author":[{"embeddable":true,"href":"https:\/\/competent.hr\/hr\/wp-json\/wp\/v2\/users\/1"}],"replies":[{"embeddable":true,"href":"https:\/\/competent.hr\/hr\/wp-json\/wp\/v2\/comments?post=132331"}],"version-history":[{"count":11,"href":"https:\/\/competent.hr\/hr\/wp-json\/wp\/v2\/pages\/132331\/revisions"}],"predecessor-version":[{"id":132617,"href":"https:\/\/competent.hr\/hr\/wp-json\/wp\/v2\/pages\/132331\/revisions\/132617"}],"wp:attachment":[{"href":"https:\/\/competent.hr\/hr\/wp-json\/wp\/v2\/media?parent=132331"}],"curies":[{"name":"wp","href":"https:\/\/api.w.org\/{rel}","templated":true}]}}