{"id":132327,"date":"2023-12-04T09:16:12","date_gmt":"2023-12-04T08:16:12","guid":{"rendered":"https:\/\/competent.hr\/trgovacke-gradevine\/"},"modified":"2024-04-03T10:27:10","modified_gmt":"2024-04-03T08:27:10","slug":"trgovacke-gradevine","status":"publish","type":"page","link":"https:\/\/competent.hr\/hr\/trgovacke-gradevine\/","title":{"rendered":"TRGOVA\u010cKE GRA\u0110EVINE"},"content":{"rendered":"<div class=\"wpb-content-wrapper\"><p>[vc_row row_height_percent=&#8221;0&#8243; override_padding=&#8221;yes&#8221; h_padding=&#8221;2&#8243; top_padding=&#8221;4&#8243; bottom_padding=&#8221;7&#8243; back_color=&#8221;color-xsdn&#8221; overlay_alpha=&#8221;50&#8243; gutter_size=&#8221;3&#8243; column_width_percent=&#8221;100&#8243; shift_y=&#8221;0&#8243; z_index=&#8221;0&#8243; uncode_shortcode_id=&#8221;120257&#8243; back_color_type=&#8221;uncode-palette&#8221;][vc_column column_width_percent=&#8221;100&#8243; align_horizontal=&#8221;align_center&#8221; gutter_size=&#8221;3&#8243; overlay_alpha=&#8221;50&#8243; shift_x=&#8221;0&#8243; shift_y=&#8221;0&#8243; shift_y_down=&#8221;0&#8243; z_index=&#8221;0&#8243; medium_width=&#8221;0&#8243; mobile_width=&#8221;0&#8243; width=&#8221;1\/1&#8243; uncode_shortcode_id=&#8221;169006&#8243;][vc_custom_heading heading_semantic=&#8221;h6&#8243; text_size=&#8221;fontsize-160000&#8243; text_transform=&#8221;uppercase&#8221; text_space=&#8221;fontspace-210350&#8243; uncode_shortcode_id=&#8221;284473&#8243;]<\/p>\n<p style=\"text-align: center;\">SEKTORI I PROJEKTI<\/p>\n<p>[\/vc_custom_heading][vc_custom_heading text_color=&#8221;accent&#8221; heading_semantic=&#8221;h1&#8243; text_size=&#8221;fontsize-338686&#8243; text_weight=&#8221;300&#8243; uncode_shortcode_id=&#8221;113498&#8243; text_color_type=&#8221;uncode-palette&#8221;]Trgova\u010dke gra\u0111evine[\/vc_custom_heading][vc_column_text uncode_shortcode_id=&#8221;202341&#8243;]Na\u0161a rje\u0161enja i profesionalna podr\u0161ka poma\u017eu klijentu u stvaranju uspje\u0161nih trgova\u010dkih prostora.[\/vc_column_text][\/vc_column][\/vc_row][vc_row row_height_percent=&#8221;0&#8243; override_padding=&#8221;yes&#8221; h_padding=&#8221;2&#8243; top_padding=&#8221;5&#8243; bottom_padding=&#8221;5&#8243; overlay_alpha=&#8221;50&#8243; gutter_size=&#8221;3&#8243; column_width_percent=&#8221;100&#8243; shift_y=&#8221;0&#8243; z_index=&#8221;0&#8243; uncode_shortcode_id=&#8221;342211&#8243; back_color_type=&#8221;uncode-solid&#8221; back_color_solid=&#8221;#f7f7f7&#8243;][vc_column column_width_percent=&#8221;100&#8243; gutter_size=&#8221;4&#8243; overlay_alpha=&#8221;50&#8243; shift_x=&#8221;0&#8243; shift_y=&#8221;0&#8243; shift_y_down=&#8221;0&#8243; z_index=&#8221;0&#8243; medium_width=&#8221;0&#8243; mobile_width=&#8221;0&#8243; width=&#8221;1\/1&#8243;][vc_row_inner row_inner_height_percent=&#8221;0&#8243; overlay_alpha=&#8221;50&#8243; gutter_size=&#8221;4&#8243; shift_y=&#8221;0&#8243; z_index=&#8221;0&#8243; limit_content=&#8221;&#8221;][vc_column_inner column_width_percent=&#8221;100&#8243; align_horizontal=&#8221;align_center&#8221; gutter_size=&#8221;3&#8243; style=&#8221;light&#8221; overlay_alpha=&#8221;50&#8243; shift_x=&#8221;0&#8243; shift_y=&#8221;0&#8243; shift_y_down=&#8221;0&#8243; z_index=&#8221;0&#8243; medium_width=&#8221;0&#8243; mobile_width=&#8221;0&#8243; width=&#8221;1\/1&#8243; uncode_shortcode_id=&#8221;116979&#8243;][vc_custom_heading text_weight=&#8221;600&#8243; uncode_shortcode_id=&#8221;301918&#8243;]REFERENCE[\/vc_custom_heading][\/vc_column_inner][\/vc_row_inner][vc_row_inner][vc_column_inner width=&#8221;1\/1&#8243;][uncode_index el_id=&#8221;index-142671&#8243; isotope_mode=&#8221;fitRows&#8221; loop=&#8221;size:All|order_by:date|post_type:portfolio|tax_query:69|taxonomy_count:10&#8243; screen_lg=&#8221;1000&#8243; screen_md=&#8221;600&#8243; screen_sm=&#8221;480&#8243; gutter_size=&#8221;3&#8243; portfolio_items=&#8221;media|featured|onpost|original,title,text|excerpt&#8221; single_text=&#8221;overlay&#8221; single_style=&#8221;dark&#8221; single_overlay_color=&#8221;color-xsdn&#8221; single_overlay_opacity=&#8221;89&#8243; single_text_anim_type=&#8221;btt&#8221; single_padding=&#8221;2&#8243; uncode_shortcode_id=&#8221;276346&#8243;][\/vc_column_inner][\/vc_row_inner][\/vc_column][\/vc_row]<\/p>\n<\/div>","protected":false},"excerpt":{"rendered":"<p>[vc_row row_height_percent=&#8221;0&#8243; override_padding=&#8221;yes&#8221; h_padding=&#8221;2&#8243; top_padding=&#8221;4&#8243; bottom_padding=&#8221;7&#8243; back_color=&#8221;color-xsdn&#8221; overlay_alpha=&#8221;50&#8243; gutter_size=&#8221;3&#8243; column_width_percent=&#8221;100&#8243; shift_y=&#8221;0&#8243; z_index=&#8221;0&#8243; uncode_shortcode_id=&#8221;120257&#8243; back_color_type=&#8221;uncode-palette&#8221;][vc_column column_width_percent=&#8221;100&#8243; align_horizontal=&#8221;align_center&#8221; gutter_size=&#8221;3&#8243; overlay_alpha=&#8221;50&#8243; shift_x=&#8221;0&#8243; shift_y=&#8221;0&#8243; [&hellip;]<\/p>\n","protected":false},"author":1,"featured_media":0,"parent":0,"menu_order":0,"comment_status":"closed","ping_status":"closed","template":"","meta":{"footnotes":""},"class_list":["post-132327","page","type-page","status-publish","hentry"],"_links":{"self":[{"href":"https:\/\/competent.hr\/hr\/wp-json\/wp\/v2\/pages\/132327","targetHints":{"allow":["GET"]}}],"collection":[{"href":"https:\/\/competent.hr\/hr\/wp-json\/wp\/v2\/pages"}],"about":[{"href":"https:\/\/competent.hr\/hr\/wp-json\/wp\/v2\/types\/page"}],"author":[{"embeddable":true,"href":"https:\/\/competent.hr\/hr\/wp-json\/wp\/v2\/users\/1"}],"replies":[{"embeddable":true,"href":"https:\/\/competent.hr\/hr\/wp-json\/wp\/v2\/comments?post=132327"}],"version-history":[{"count":7,"href":"https:\/\/competent.hr\/hr\/wp-json\/wp\/v2\/pages\/132327\/revisions"}],"predecessor-version":[{"id":132443,"href":"https:\/\/competent.hr\/hr\/wp-json\/wp\/v2\/pages\/132327\/revisions\/132443"}],"wp:attachment":[{"href":"https:\/\/competent.hr\/hr\/wp-json\/wp\/v2\/media?parent=132327"}],"curies":[{"name":"wp","href":"https:\/\/api.w.org\/{rel}","templated":true}]}}