{"id":132315,"date":"2023-11-28T10:41:48","date_gmt":"2023-11-28T09:41:48","guid":{"rendered":"https:\/\/competent.hr\/usluge\/"},"modified":"2024-04-02T14:32:11","modified_gmt":"2024-04-02T12:32:11","slug":"usluge","status":"publish","type":"page","link":"https:\/\/competent.hr\/hr\/usluge\/","title":{"rendered":"Usluge"},"content":{"rendered":"<div class=\"wpb-content-wrapper\"><p>[vc_row row_height_percent=&#8221;0&#8243; override_padding=&#8221;yes&#8221; h_padding=&#8221;2&#8243; top_padding=&#8221;4&#8243; bottom_padding=&#8221;2&#8243; overlay_alpha=&#8221;50&#8243; gutter_size=&#8221;3&#8243; column_width_percent=&#8221;100&#8243; shift_y=&#8221;0&#8243; z_index=&#8221;0&#8243; uncode_shortcode_id=&#8221;206345&#8243;][vc_column width=&#8221;1\/1&#8243;][vc_custom_heading text_color=&#8221;accent&#8221; heading_semantic=&#8221;h1&#8243; text_size=&#8221;fontsize-445851&#8243; text_weight=&#8221;300&#8243; uncode_shortcode_id=&#8221;197282&#8243; text_color_type=&#8221;uncode-palette&#8221;]<\/p>\n<h1 style=\"text-align: center;\"><strong>Usluge<\/strong><\/h1>\n<p>[\/vc_custom_heading][\/vc_column][\/vc_row][vc_row row_height_percent=&#8221;0&#8243; override_padding=&#8221;yes&#8221; h_padding=&#8221;2&#8243; top_padding=&#8221;1&#8243; bottom_padding=&#8221;6&#8243; back_color=&#8221;color-xsdn&#8221; overlay_alpha=&#8221;50&#8243; gutter_size=&#8221;4&#8243; column_width_percent=&#8221;100&#8243; shift_y=&#8221;0&#8243; z_index=&#8221;0&#8243; uncode_shortcode_id=&#8221;125903&#8243; back_color_type=&#8221;uncode-palette&#8221;][vc_column column_width_percent=&#8221;100&#8243; gutter_size=&#8221;3&#8243; overlay_alpha=&#8221;50&#8243; shift_x=&#8221;0&#8243; shift_y=&#8221;0&#8243; shift_y_down=&#8221;0&#8243; z_index=&#8221;0&#8243; medium_width=&#8221;0&#8243; mobile_width=&#8221;0&#8243; width=&#8221;1\/4&#8243; uncode_shortcode_id=&#8221;359035&#8243;][vc_raw_html]PGEgaHJlZj0iI2NvbnN1bHRpbmciPjxzdHJvbmc+PHA+U2F2amV0b3ZhbmplPC9wPjwvc3Ryb25nPjwvYT4=[\/vc_raw_html][\/vc_column][vc_column width=&#8221;1\/4&#8243;][vc_raw_html]PGEgaHJlZj0iI3VyYmFuIj48c3Ryb25nPjxwPlVyYmFuYSBvYm5vdmE8L3A+PC9zdHJvbmc+PC9hPg==[\/vc_raw_html][\/vc_column][vc_column width=&#8221;1\/4&#8243;][vc_raw_html]PGEgaHJlZj0iI2Rlc2lnbiI+PHN0cm9uZz48cD5Qcm9qZWt0aXJhbmplIGkgaW7FvmVuamVyaW5nPC9wPjwvc3Ryb25nPjwvYT4=[\/vc_raw_html][\/vc_column][vc_column width=&#8221;1\/4&#8243;][vc_raw_html]PGEgaHJlZj0iI3Byb2plY3QiPjxzdHJvbmc+PHA+Vm\/EkWVuamUgcHJvamVrdGE8L3A+PC9zdHJvbmc+PC9hPg==[\/vc_raw_html][\/vc_column][\/vc_row][vc_row row_height_percent=&#8221;55&#8243; override_padding=&#8221;yes&#8221; h_padding=&#8221;2&#8243; top_padding=&#8221;5&#8243; bottom_padding=&#8221;5&#8243; back_image=&#8221;131658&#8243; back_repeat=&#8221;no-repeat&#8221; back_position=&#8221;center bottom&#8221; parallax=&#8221;yes&#8221; overlay_alpha=&#8221;15&#8243; gutter_size=&#8221;3&#8243; column_width_percent=&#8221;100&#8243; shift_y=&#8221;0&#8243; z_index=&#8221;0&#8243; uncode_shortcode_id=&#8221;803409&#8243; back_size=&#8221;contain&#8221;][vc_column column_width_percent=&#8221;100&#8243; position_vertical=&#8221;middle&#8221; align_horizontal=&#8221;align_center&#8221; gutter_size=&#8221;3&#8243; override_padding=&#8221;yes&#8221; column_padding=&#8221;4&#8243; expand_height=&#8221;yes&#8221; style=&#8221;dark&#8221; overlay_alpha=&#8221;50&#8243; shift_x=&#8221;0&#8243; shift_y=&#8221;0&#8243; shift_y_down=&#8221;0&#8243; z_index=&#8221;0&#8243; medium_width=&#8221;0&#8243; mobile_width=&#8221;0&#8243; width=&#8221;1\/1&#8243; uncode_shortcode_id=&#8221;199038&#8243; mobile_height=&#8221;380&#8243;][vc_empty_space empty_h=&#8221;5&#8243;][\/vc_column][\/vc_row][vc_row row_height_percent=&#8221;0&#8243; override_padding=&#8221;yes&#8221; h_padding=&#8221;0&#8243; top_padding=&#8221;0&#8243; bottom_padding=&#8221;0&#8243; overlay_alpha=&#8221;50&#8243; gutter_size=&#8221;3&#8243; column_width_percent=&#8221;100&#8243; shift_y=&#8221;0&#8243; z_index=&#8221;0&#8243; uncode_shortcode_id=&#8221;183459&#8243; back_color_type=&#8221;uncode-solid&#8221; back_color_solid=&#8221;#f7f7f7&#8243;][vc_column column_width_percent=&#8221;100&#8243; gutter_size=&#8221;4&#8243; overlay_alpha=&#8221;50&#8243; shift_x=&#8221;0&#8243; shift_y=&#8221;0&#8243; shift_y_down=&#8221;0&#8243; z_index=&#8221;0&#8243; medium_width=&#8221;0&#8243; mobile_width=&#8221;0&#8243; width=&#8221;1\/1&#8243;][vc_raw_html]PGEgbmFtZT0iY29uc3VsdGluZyI+PC9hPgo=[\/vc_raw_html][\/vc_column][\/vc_row][vc_row row_height_percent=&#8221;0&#8243; override_padding=&#8221;yes&#8221; h_padding=&#8221;2&#8243; top_padding=&#8221;5&#8243; bottom_padding=&#8221;5&#8243; overlay_alpha=&#8221;50&#8243; gutter_size=&#8221;3&#8243; column_width_percent=&#8221;100&#8243; shift_y=&#8221;0&#8243; z_index=&#8221;0&#8243; uncode_shortcode_id=&#8221;342211&#8243; back_color_type=&#8221;uncode-solid&#8221; back_color_solid=&#8221;#f7f7f7&#8243;][vc_column column_width_percent=&#8221;100&#8243; gutter_size=&#8221;4&#8243; overlay_alpha=&#8221;50&#8243; shift_x=&#8221;0&#8243; shift_y=&#8221;0&#8243; shift_y_down=&#8221;0&#8243; z_index=&#8221;0&#8243; medium_width=&#8221;0&#8243; mobile_width=&#8221;0&#8243; width=&#8221;1\/1&#8243;][vc_row_inner row_inner_height_percent=&#8221;0&#8243; overlay_alpha=&#8221;50&#8243; gutter_size=&#8221;4&#8243; shift_y=&#8221;0&#8243; z_index=&#8221;0&#8243; limit_content=&#8221;&#8221;][vc_column_inner column_width_percent=&#8221;100&#8243; gutter_size=&#8221;3&#8243; style=&#8221;light&#8221; overlay_alpha=&#8221;50&#8243; shift_x=&#8221;0&#8243; shift_y=&#8221;0&#8243; shift_y_down=&#8221;0&#8243; z_index=&#8221;0&#8243; medium_width=&#8221;0&#8243; mobile_width=&#8221;0&#8243; width=&#8221;4\/12&#8243; uncode_shortcode_id=&#8221;106477&#8243;][vc_raw_html]PGgyPlNhdmpldG92YW5qZTwvaDI+Cg==[\/vc_raw_html][\/vc_column_inner][vc_column_inner column_width_percent=&#8221;100&#8243; gutter_size=&#8221;2&#8243; font_family=&#8221;font-377884&#8243; overlay_alpha=&#8221;50&#8243; shift_x=&#8221;0&#8243; shift_y=&#8221;0&#8243; shift_y_down=&#8221;0&#8243; z_index=&#8221;0&#8243; medium_width=&#8221;0&#8243; mobile_width=&#8221;0&#8243; width=&#8221;8\/12&#8243; uncode_shortcode_id=&#8221;107344&#8243;][vc_column_text uncode_shortcode_id=&#8221;751708&#8243;]<\/p>\n<h4>Tehni\u010dko dubinsko snimanje<\/h4>\n<p>Sveobuhvatno tehni\u010dko dubinsko snimanje \u2013 pouzdana podr\u0161ka u vrednovanju Va\u0161e nekretnine ili projekta.<\/p>\n<h4>Tehni\u010dko savjetovanje<\/h4>\n<p>Tehni\u010dko savjetovanje glede svih aspekata razvoja projekta osigurava da implementacija projekta zadovoljava Va\u0161e zahtjeve i standarde struke.<\/p>\n<h4>Savjetovanje u podru\u010dju odr\u017eivosti<\/h4>\n<p>Implementacija rje\u0161enja i tehnika iz podru\u010dja energetske u\u010dinkovitosti i odr\u017eivosti, kroz sve faze projekta.<\/p>\n<h4>Maksimaliziranje potencijala nekretnine<\/h4>\n<ul>\n<li>Analiza rizika i potencijala nekretnine<\/li>\n<li>Razvoj \u201cbest property use\u201d strategije<\/li>\n<li>Konceptualni dizajn projekta<\/li>\n<\/ul>\n<p>[\/vc_column_text][\/vc_column_inner][\/vc_row_inner][\/vc_column][\/vc_row][vc_row row_height_percent=&#8221;0&#8243; override_padding=&#8221;yes&#8221; h_padding=&#8221;0&#8243; top_padding=&#8221;0&#8243; bottom_padding=&#8221;0&#8243; overlay_alpha=&#8221;50&#8243; gutter_size=&#8221;3&#8243; column_width_percent=&#8221;100&#8243; shift_y=&#8221;0&#8243; z_index=&#8221;0&#8243; uncode_shortcode_id=&#8221;183459&#8243; back_color_type=&#8221;uncode-solid&#8221; back_color_solid=&#8221;#f7f7f7&#8243;][vc_column column_width_percent=&#8221;100&#8243; gutter_size=&#8221;4&#8243; overlay_alpha=&#8221;50&#8243; shift_x=&#8221;0&#8243; shift_y=&#8221;0&#8243; shift_y_down=&#8221;0&#8243; z_index=&#8221;0&#8243; medium_width=&#8221;0&#8243; mobile_width=&#8221;0&#8243; width=&#8221;1\/1&#8243;][vc_raw_html]PGEgbmFtZT0idXJiYW4iPjwvYT4K[\/vc_raw_html][\/vc_column][\/vc_row][vc_row row_height_percent=&#8221;0&#8243; override_padding=&#8221;yes&#8221; h_padding=&#8221;2&#8243; top_padding=&#8221;5&#8243; bottom_padding=&#8221;5&#8243; back_color=&#8221;color-xsdn&#8221; overlay_alpha=&#8221;50&#8243; gutter_size=&#8221;3&#8243; column_width_percent=&#8221;100&#8243; shift_y=&#8221;0&#8243; z_index=&#8221;0&#8243; uncode_shortcode_id=&#8221;451690&#8243; back_color_type=&#8221;uncode-palette&#8221;][vc_column column_width_percent=&#8221;100&#8243; gutter_size=&#8221;4&#8243; overlay_alpha=&#8221;50&#8243; shift_x=&#8221;0&#8243; shift_y=&#8221;0&#8243; shift_y_down=&#8221;0&#8243; z_index=&#8221;0&#8243; medium_width=&#8221;0&#8243; mobile_width=&#8221;0&#8243; width=&#8221;1\/1&#8243;][vc_row_inner row_inner_height_percent=&#8221;0&#8243; overlay_alpha=&#8221;50&#8243; gutter_size=&#8221;4&#8243; shift_y=&#8221;0&#8243; z_index=&#8221;0&#8243; limit_content=&#8221;&#8221;][vc_column_inner column_width_percent=&#8221;100&#8243; gutter_size=&#8221;3&#8243; style=&#8221;light&#8221; overlay_alpha=&#8221;50&#8243; shift_x=&#8221;0&#8243; shift_y=&#8221;0&#8243; shift_y_down=&#8221;0&#8243; z_index=&#8221;0&#8243; medium_width=&#8221;0&#8243; mobile_width=&#8221;0&#8243; width=&#8221;4\/12&#8243; uncode_shortcode_id=&#8221;106477&#8243;][vc_custom_heading text_size=&#8221;h3&#8243; uncode_shortcode_id=&#8221;187019&#8243;]Urbana obnova[\/vc_custom_heading][\/vc_column_inner][vc_column_inner column_width_percent=&#8221;100&#8243; gutter_size=&#8221;2&#8243; font_family=&#8221;font-377884&#8243; overlay_alpha=&#8221;50&#8243; shift_x=&#8221;0&#8243; shift_y=&#8221;0&#8243; shift_y_down=&#8221;0&#8243; z_index=&#8221;0&#8243; medium_width=&#8221;0&#8243; mobile_width=&#8221;0&#8243; width=&#8221;8\/12&#8243; uncode_shortcode_id=&#8221;107344&#8243;][vc_column_text uncode_shortcode_id=&#8221;440743&#8243;]<\/p>\n<h4>Strate\u0161ko planiranje prostora<\/h4>\n<p>Stvaramo inovativna rje\u0161enja za reaktivaciju nedovoljno iskori\u0161tenih gradskih podru\u010dja i poma\u017eemo Vam da ostvarite svoje dugoro\u010dne ciljeve, pritom vode\u0107i ra\u010duna o dobrobiti lokalne zajednice.<\/p>\n<ul>\n<li>Analiza kontesta<\/li>\n<li>Snimak postoje\u0107eg stanja<\/li>\n<li>Prepoznavanje klju\u010dnih pokreta\u010da promjena<\/li>\n<li>Uklju\u010divanje dionika i provo\u0111enje sveobuhvatnih konzultacija<\/li>\n<li>Djelovanje u okviru prostorne, dru\u0161tvene i ekonomske odr\u017eivosti<\/li>\n<li>Faznost provedbe<\/li>\n<li>Model upravljanja<\/li>\n<li>Shema financiranja<\/li>\n<li>Plan komunikacije<\/li>\n<\/ul>\n<p>&nbsp;<\/p>\n<h4>Reaktivacija i ponovno iskori\u0161tenje nedovoljno i neoptimalno kori\u0161tenih zgrada<\/h4>\n<ul>\n<li>Analiza postoje\u0107eg stanja i konteksta<\/li>\n<li>Procjena fizi\u010dke i ekonomske adaptibilnosti<\/li>\n<li>Prezentacija potencijala<\/li>\n<li>Pove\u0107anje interesa potencijalnih korisnika<\/li>\n<li>Uklju\u010divanje dionika<\/li>\n<li>Izrada plana reaktivacije<\/li>\n<li>Definiranje novih funkcija i namjene<\/li>\n<li>Izrada projekta<\/li>\n<\/ul>\n<p>[\/vc_column_text][\/vc_column_inner][\/vc_row_inner][\/vc_column][\/vc_row][vc_row row_height_percent=&#8221;0&#8243; override_padding=&#8221;yes&#8221; h_padding=&#8221;0&#8243; top_padding=&#8221;0&#8243; bottom_padding=&#8221;0&#8243; overlay_alpha=&#8221;50&#8243; gutter_size=&#8221;3&#8243; column_width_percent=&#8221;100&#8243; shift_y=&#8221;0&#8243; z_index=&#8221;0&#8243; uncode_shortcode_id=&#8221;183459&#8243; back_color_type=&#8221;uncode-solid&#8221; back_color_solid=&#8221;#f7f7f7&#8243;][vc_column column_width_percent=&#8221;100&#8243; gutter_size=&#8221;4&#8243; overlay_alpha=&#8221;50&#8243; shift_x=&#8221;0&#8243; shift_y=&#8221;0&#8243; shift_y_down=&#8221;0&#8243; z_index=&#8221;0&#8243; medium_width=&#8221;0&#8243; mobile_width=&#8221;0&#8243; width=&#8221;1\/1&#8243;][vc_raw_html]PGEgbmFtZT0iZGVzaWduIj48L2E+Cg==[\/vc_raw_html][\/vc_column][\/vc_row][vc_row row_height_percent=&#8221;0&#8243; override_padding=&#8221;yes&#8221; h_padding=&#8221;2&#8243; top_padding=&#8221;5&#8243; bottom_padding=&#8221;5&#8243; overlay_alpha=&#8221;50&#8243; gutter_size=&#8221;3&#8243; column_width_percent=&#8221;100&#8243; shift_y=&#8221;0&#8243; z_index=&#8221;0&#8243; uncode_shortcode_id=&#8221;427826&#8243; back_color_type=&#8221;uncode-solid&#8221; back_color_solid=&#8221;#f7f7f7&#8243;][vc_column column_width_percent=&#8221;100&#8243; gutter_size=&#8221;4&#8243; overlay_alpha=&#8221;50&#8243; shift_x=&#8221;0&#8243; shift_y=&#8221;0&#8243; shift_y_down=&#8221;0&#8243; z_index=&#8221;0&#8243; medium_width=&#8221;0&#8243; mobile_width=&#8221;0&#8243; width=&#8221;1\/1&#8243;][vc_row_inner row_inner_height_percent=&#8221;0&#8243; overlay_alpha=&#8221;50&#8243; gutter_size=&#8221;4&#8243; shift_y=&#8221;0&#8243; z_index=&#8221;0&#8243; limit_content=&#8221;&#8221;][vc_column_inner column_width_percent=&#8221;100&#8243; gutter_size=&#8221;3&#8243; style=&#8221;light&#8221; overlay_alpha=&#8221;50&#8243; shift_x=&#8221;0&#8243; shift_y=&#8221;0&#8243; shift_y_down=&#8221;0&#8243; z_index=&#8221;0&#8243; medium_width=&#8221;0&#8243; mobile_width=&#8221;0&#8243; width=&#8221;4\/12&#8243; uncode_shortcode_id=&#8221;106477&#8243;][vc_raw_html]PGgyPlByb2pla3RpcmFuamUgaSBpbsW+ZW5qZXJpbmc8L2E+Cg==[\/vc_raw_html][\/vc_column_inner][vc_column_inner column_width_percent=&#8221;100&#8243; gutter_size=&#8221;2&#8243; font_family=&#8221;font-377884&#8243; overlay_alpha=&#8221;50&#8243; shift_x=&#8221;0&#8243; shift_y=&#8221;0&#8243; shift_y_down=&#8221;0&#8243; z_index=&#8221;0&#8243; medium_width=&#8221;0&#8243; mobile_width=&#8221;0&#8243; width=&#8221;8\/12&#8243; uncode_shortcode_id=&#8221;107344&#8243;][vc_column_text uncode_shortcode_id=&#8221;206121&#8243;]<\/p>\n<h4>Projektiranje i in\u017eenjering<\/h4>\n<ul>\n<li>Arhitektonsko i gra\u0111evinsko projektiranje, projektiranje instalacija te prate\u0107e savjetovanje i in\u017eenjering<\/li>\n<li>Projektne studije, elaborati i izvje\u0161\u0107a<\/li>\n<\/ul>\n<p>[\/vc_column_text][\/vc_column_inner][\/vc_row_inner][\/vc_column][\/vc_row][vc_row row_height_percent=&#8221;0&#8243; override_padding=&#8221;yes&#8221; h_padding=&#8221;0&#8243; top_padding=&#8221;0&#8243; bottom_padding=&#8221;0&#8243; back_color=&#8221;color-xsdn&#8221; overlay_alpha=&#8221;50&#8243; gutter_size=&#8221;3&#8243; column_width_percent=&#8221;100&#8243; shift_y=&#8221;0&#8243; z_index=&#8221;0&#8243; uncode_shortcode_id=&#8221;652171&#8243; back_color_type=&#8221;uncode-palette&#8221;][vc_column column_width_percent=&#8221;100&#8243; gutter_size=&#8221;4&#8243; overlay_alpha=&#8221;50&#8243; shift_x=&#8221;0&#8243; shift_y=&#8221;0&#8243; shift_y_down=&#8221;0&#8243; z_index=&#8221;0&#8243; medium_width=&#8221;0&#8243; mobile_width=&#8221;0&#8243; width=&#8221;1\/1&#8243;][vc_raw_html]PGEgbmFtZT0icHJvamVjdCI+PC9hPgo=[\/vc_raw_html][\/vc_column][\/vc_row][vc_row row_height_percent=&#8221;0&#8243; override_padding=&#8221;yes&#8221; h_padding=&#8221;2&#8243; top_padding=&#8221;5&#8243; bottom_padding=&#8221;5&#8243; back_color=&#8221;color-xsdn&#8221; overlay_alpha=&#8221;50&#8243; gutter_size=&#8221;3&#8243; column_width_percent=&#8221;100&#8243; shift_y=&#8221;0&#8243; z_index=&#8221;0&#8243; uncode_shortcode_id=&#8221;121531&#8243; back_color_type=&#8221;uncode-palette&#8221;][vc_column column_width_percent=&#8221;100&#8243; gutter_size=&#8221;4&#8243; overlay_alpha=&#8221;50&#8243; shift_x=&#8221;0&#8243; shift_y=&#8221;0&#8243; shift_y_down=&#8221;0&#8243; z_index=&#8221;0&#8243; medium_width=&#8221;0&#8243; mobile_width=&#8221;0&#8243; width=&#8221;1\/1&#8243;][vc_row_inner row_inner_height_percent=&#8221;0&#8243; overlay_alpha=&#8221;50&#8243; gutter_size=&#8221;4&#8243; shift_y=&#8221;0&#8243; z_index=&#8221;0&#8243; limit_content=&#8221;&#8221;][vc_column_inner column_width_percent=&#8221;100&#8243; gutter_size=&#8221;3&#8243; style=&#8221;light&#8221; overlay_alpha=&#8221;50&#8243; shift_x=&#8221;0&#8243; shift_y=&#8221;0&#8243; shift_y_down=&#8221;0&#8243; z_index=&#8221;0&#8243; medium_width=&#8221;0&#8243; mobile_width=&#8221;0&#8243; width=&#8221;4\/12&#8243; uncode_shortcode_id=&#8221;106477&#8243;][vc_raw_html]PGgyPlZvxJFlbmplIHByb2pla3RhPC9hPgo=[\/vc_raw_html][\/vc_column_inner][vc_column_inner column_width_percent=&#8221;100&#8243; gutter_size=&#8221;2&#8243; font_family=&#8221;font-377884&#8243; overlay_alpha=&#8221;50&#8243; shift_x=&#8221;0&#8243; shift_y=&#8221;0&#8243; shift_y_down=&#8221;0&#8243; z_index=&#8221;0&#8243; medium_width=&#8221;0&#8243; mobile_width=&#8221;0&#8243; width=&#8221;8\/12&#8243; uncode_shortcode_id=&#8221;107344&#8243;][vc_column_text uncode_shortcode_id=&#8221;116550&#8243;]<\/p>\n<h4>Upravljanje nabavom i ugovorima, upravljanje tro\u0161kovima<\/h4>\n<ul>\n<li>Priprema tendera, evaluacija ponuda, dodjela ugovora<\/li>\n<li>Pra\u0107enje provedbe ugovora<\/li>\n<li>Procjena tro\u0161kova te njihova kontrola i izvje\u0161tavanje<\/li>\n<\/ul>\n<h4>Vo\u0111enje projekta<\/h4>\n<ul>\n<li>Definiranje projektnih ciljeva i programa<\/li>\n<li>Vremensko planiranje projekta<\/li>\n<li>Upravljanje kvalitetom i tro\u0161kovima izvedbe projekta te pra\u0107enje vremenske provedbe<\/li>\n<li>Upravljanje odnosima me\u0111u sudionicima i ostalim dionicima projekta<\/li>\n<li>Upravljanje projektom gradnje na samom gradili\u0161tu: upravljanje svim aktivnostima gra\u0111enja, sudionicima u gra\u0111enju te dokumentacijom<\/li>\n<li>Monitoring projekta (za tre\u0107u stranu)<\/li>\n<li>Oporavak \u2013 ponovno pokretanje projekta<\/li>\n<\/ul>\n<h4>Stru\u010dni nadzor gradnje<\/h4>\n<ul>\n<li>Uskla\u0111enost sa lokalnom zakonskom regulativom te pravilima struke<\/li>\n<li>Kontrola kvalitete, tro\u0161kova i vremenske provedbe, na samom gradili\u0161tu<\/li>\n<\/ul>\n<p>[\/vc_column_text][\/vc_column_inner][\/vc_row_inner][\/vc_column][\/vc_row][vc_row row_height_percent=&#8221;0&#8243; override_padding=&#8221;yes&#8221; h_padding=&#8221;2&#8243; top_padding=&#8221;4&#8243; bottom_padding=&#8221;4&#8243; back_color=&#8221;accent&#8221; overlay_alpha=&#8221;50&#8243; gutter_size=&#8221;4&#8243; column_width_percent=&#8221;100&#8243; shift_y=&#8221;0&#8243; z_index=&#8221;0&#8243; uncode_shortcode_id=&#8221;101252&#8243; back_color_type=&#8221;uncode-palette&#8221;][vc_column column_width_use_pixel=&#8221;yes&#8221; position_vertical=&#8221;middle&#8221; align_horizontal=&#8221;align_center&#8221; gutter_size=&#8221;3&#8243; style=&#8221;dark&#8221; overlay_alpha=&#8221;50&#8243; shift_x=&#8221;0&#8243; shift_y=&#8221;0&#8243; shift_y_down=&#8221;0&#8243; z_index=&#8221;0&#8243; medium_width=&#8221;0&#8243; mobile_width=&#8221;0&#8243; width=&#8221;1\/1&#8243; uncode_shortcode_id=&#8221;380354&#8243; column_width_pixel=&#8221;1040&#8243;][vc_custom_heading text_color=&#8221;color-xsdn&#8221; text_size=&#8221;&#8221; text_transform=&#8221;uppercase&#8221; uncode_shortcode_id=&#8221;552557&#8243; subheading=&#8221;Ukoliko tra\u017eite pouzdanog partnera u podru\u010dju savjetovanja, urbane obnove, projektiranja, in\u017eenjeringa i vo\u0111enja projekata \u2013 koristite ni\u017ee navedenu kontakt formu.&#8221; text_color_type=&#8221;uncode-palette&#8221;]<\/p>\n<h2 style=\"text-align: center; color: #ffffff;\">Kontaktirajte nas<\/h2>\n<p>[\/vc_custom_heading][vc_row_inner][vc_column_inner width=&#8221;1\/3&#8243;][\/vc_column_inner][vc_column_inner column_width_percent=&#8221;100&#8243; align_horizontal=&#8221;align_center&#8221; gutter_size=&#8221;3&#8243; style=&#8221;dark&#8221; overlay_alpha=&#8221;50&#8243; shift_x=&#8221;0&#8243; shift_y=&#8221;0&#8243; shift_y_down=&#8221;0&#8243; z_index=&#8221;0&#8243; medium_width=&#8221;0&#8243; mobile_width=&#8221;0&#8243; width=&#8221;1\/3&#8243; uncode_shortcode_id=&#8221;448050&#8243;][vc_button radius=&#8221;btn-default-shape&#8221; border_animation=&#8221;btn-ripple-in&#8221; wide=&#8221;yes&#8221; hover_fx=&#8221;outlined&#8221; custom_typo=&#8221;yes&#8221; font_family=&#8221;font-377884&#8243; font_weight=&#8221;600&#8243; text_transform=&#8221;lowercase&#8221; border_width=&#8221;0&#8243; link=&#8221;url:mailto%3Ainfo%40competent.hr|&#8221; uncode_shortcode_id=&#8221;524412&#8243; width=&#8221;100px&#8221;]info@competent.hr[\/vc_button][\/vc_column_inner][vc_column_inner width=&#8221;1\/3&#8243;][\/vc_column_inner][\/vc_row_inner][\/vc_column][\/vc_row]<\/p>\n<\/div>","protected":false},"excerpt":{"rendered":"<p>[vc_row row_height_percent=&#8221;0&#8243; override_padding=&#8221;yes&#8221; h_padding=&#8221;2&#8243; top_padding=&#8221;4&#8243; bottom_padding=&#8221;2&#8243; overlay_alpha=&#8221;50&#8243; gutter_size=&#8221;3&#8243; column_width_percent=&#8221;100&#8243; shift_y=&#8221;0&#8243; z_index=&#8221;0&#8243; uncode_shortcode_id=&#8221;206345&#8243;][vc_column width=&#8221;1\/1&#8243;][vc_custom_heading text_color=&#8221;accent&#8221; heading_semantic=&#8221;h1&#8243; text_size=&#8221;fontsize-445851&#8243; text_weight=&#8221;300&#8243; uncode_shortcode_id=&#8221;197282&#8243; text_color_type=&#8221;uncode-palette&#8221;] Usluge [&hellip;]<\/p>\n","protected":false},"author":1,"featured_media":0,"parent":0,"menu_order":0,"comment_status":"closed","ping_status":"closed","template":"","meta":{"footnotes":""},"class_list":["post-132315","page","type-page","status-publish","hentry"],"_links":{"self":[{"href":"https:\/\/competent.hr\/hr\/wp-json\/wp\/v2\/pages\/132315","targetHints":{"allow":["GET"]}}],"collection":[{"href":"https:\/\/competent.hr\/hr\/wp-json\/wp\/v2\/pages"}],"about":[{"href":"https:\/\/competent.hr\/hr\/wp-json\/wp\/v2\/types\/page"}],"author":[{"embeddable":true,"href":"https:\/\/competent.hr\/hr\/wp-json\/wp\/v2\/users\/1"}],"replies":[{"embeddable":true,"href":"https:\/\/competent.hr\/hr\/wp-json\/wp\/v2\/comments?post=132315"}],"version-history":[{"count":5,"href":"https:\/\/competent.hr\/hr\/wp-json\/wp\/v2\/pages\/132315\/revisions"}],"predecessor-version":[{"id":132320,"href":"https:\/\/competent.hr\/hr\/wp-json\/wp\/v2\/pages\/132315\/revisions\/132320"}],"wp:attachment":[{"href":"https:\/\/competent.hr\/hr\/wp-json\/wp\/v2\/media?parent=132315"}],"curies":[{"name":"wp","href":"https:\/\/api.w.org\/{rel}","templated":true}]}}